{"id":6302,"date":"2023-06-03T15:46:53","date_gmt":"2023-06-03T15:46:53","guid":{"rendered":"https:\/\/brizodata.wpengine.com\/?page_id=6302"},"modified":"2023-09-08T15:41:00","modified_gmt":"2023-09-08T15:41:00","slug":"politique-de-confidentialite","status":"publish","type":"page","link":"https:\/\/brizodata.com\/fr\/politique-de-confidentialite\/","title":{"rendered":"Notre politique de confidentialit\u00e9"},"content":{"rendered":"<p>La pr\u00e9sente Politique de confidentialit\u00e9, de concert avec les conditions d&rsquo;utilisation publi\u00e9es sur notre site Web, \u00e9noncent les r\u00e8gles et politiques g\u00e9n\u00e9rales r\u00e9gissant votre utilisation de notre site Web. En fonction de vos activit\u00e9s lors de votre visite sur notre site Web, il peut vous \u00eatre demand\u00e9 d&rsquo;accepter des conditions suppl\u00e9mentaires.<\/p>\n<p>Brizo Data, Inc., se situe au :<\/p>\n<p>Brizo Data, Inc.<br \/>\n2327, boul. du Versant-Nord, bureau 215.4<br \/>\nQu\u00e9bec (Qu\u00e9bec) G1N 4C2<br \/>\n917 780-2609<\/p>\n<p>Brizo Data, Inc., a pour politique de respecter votre vie priv\u00e9e en ce qui a trait \u00e0 toute information que nous pourrions recueillir en exploitant notre site Web. La pr\u00e9sente Politique de confidentialit\u00e9 s&rsquo;applique \u00e0 https:\/\/brizodata.wpengine.com\/ (ci-apr\u00e8s, \u00ab\u00a0nous\u00a0\u00bb ou \u00ab\u00a0<a class=\"waffle-rich-text-link\" href=\"https:\/\/brizodata.wpengine.com\/\">https:\/\/brizodata.wpengine.com\/<\/a> \u00bb). Nous respectons votre vie priv\u00e9e et nous nous engageons \u00e0 prot\u00e9ger les donn\u00e9es \u00e0 caract\u00e8re personnel que vous nous fournissez par l&rsquo;interm\u00e9diaire du site Web. Nous avons adopt\u00e9 la pr\u00e9sente politique de confidentialit\u00e9 (\u00ab\u00a0Politique de confidentialit\u00e9\u00a0\u00bb) pour expliquer quelles informations peuvent \u00eatre recueillies sur notre site Web, comment nous utilisons ces informations et dans quelles circonstances nous pouvons les divulguer \u00e0 des tiers. La pr\u00e9sente Politique de confidentialit\u00e9 ne s&rsquo;applique qu&rsquo;aux informations que nous recueillons sur le site Web et ne s&rsquo;applique pas \u00e0 la collecte d&rsquo;informations provenant d&rsquo;autres sources.<\/p>\n<h2 class=\"elementor-heading-title elementor-size-small\">Visiteurs du site Web<\/h2>\n<p>Comme la plupart des op\u00e9rateurs de sites Web, Brizo Data, Inc., recueille des donn\u00e9es non personnelles, c&rsquo;est-\u00e0-dire ne permettant pas d&rsquo;identifer une personne, du type de celles que les navigateurs et serveurs Web mettent g\u00e9n\u00e9ralement \u00e0 disposition, telles que le type de navigateur, la pr\u00e9f\u00e9rence linguistique, le site de r\u00e9f\u00e9rence, ainsi que la date et l&rsquo;heure de chaque demande du visiteur. L&rsquo;objectif de Brizo Data, Inc., en recueillant des donn\u00e9es non personnelles est de mieux comprendre comment les visiteurs de Brizo Data, Inc., utilisent son site Web. De temps en temps, Brizo Data, Inc., peut publier des donn\u00e9es non personnelles dans l&rsquo;ensemble, par exemple en publiant un rapport sur les tendances de l&rsquo;utilisation de son site Web.<\/p>\n<p>Brizo Data, Inc. recueille \u00e9galement des donn\u00e9es \u00e0 caract\u00e8re personnel, telles que le protocole Internet (IP) pour les utilisateurs connect\u00e9s et pour les utilisateurs laissant des commentaires sur les articles du blog \u00e0 https:\/\/brizodata.wpengine.com\/. Brizo Data, Inc., ne divulgue les adresses IP des utilisateurs connect\u00e9s et des commentateurs que dans les m\u00eames circonstances que celles dans lesquelles elle utilise et divulgue les donn\u00e9es \u00e0 caract\u00e8re personnel d\u00e9crites ci-dessous.<\/p>\n<h2 class=\"elementor-heading-title elementor-size-small\">Collecte de donn\u00e9es \u00e0 caract\u00e8re personnel<\/h2>\n<p>Certains visiteurs des sites Web de Brizo Data, Inc., choisissent d&rsquo;interagir avec Brizo Data, Inc., d&rsquo;une mani\u00e8re qui exige que celle-ci recueille des informations de caract\u00e8re personnel. La quantit\u00e9 et le type d&rsquo;informations que Brizo Data, Inc., recueille d\u00e9pendent de la nature de l&rsquo;interaction. Par exemple, nous demandons aux visiteurs qui s&rsquo;inscrivent \u00e0 un blog \u00e0 https:\/\/brizodata.wpengine.com\/ de fournir un nom d&rsquo;utilisateur et une adresse \u00e9lectronique.<\/p>\n<h2 class=\"elementor-heading-title elementor-size-small\">S\u00e9curit\u00e9<\/h2>\n<p>Nous attachnons une grande importance \u00e0 la s\u00e9curit\u00e9 de vos informations personnelles, mais sachez qu&rsquo;aucune m\u00e9thode de transmission sur Internet ou de stockage \u00e9lectronique n&rsquo;est s\u00fbre \u00e0 100 %. Bien que nous nous efforcions d&rsquo;utiliser des moyens commercialement acceptables pour prot\u00e9ger vos informations personnelles, nous ne pouvons pas garantir leur s\u00e9curit\u00e9 absolue.<\/p>\n<h2 class=\"elementor-heading-title elementor-size-small\">Liens vers des sites externes<\/h2>\n<p>Notre service peut contenir des liens vers des sites externes qui ne sont pas exploit\u00e9s par nous. Si vous cliquez sur le lien d&rsquo;un tiers, vous serez dirig\u00e9 vers son site. Nous vous conseillons vivement de consulter la politique de confidentialit\u00e9 et les conditions g\u00e9n\u00e9rales de chaque site que vous visitez.<\/p>\n<p>Nous n&rsquo;avons aucun contr\u00f4le et n&rsquo;assumons aucune responsabilit\u00e9 quant au contenu, aux politiques de confidentialit\u00e9 ou aux pratiques des sites, des produits ou des services de tiers.<\/p>\n<p>https:\/\/brizodata.wpengine.com\/ utilise Google Ads pour le remarketing<\/p>\n<p>https:\/\/brizodata.wpengine.com\/ utilise des services de remarketing pour faire de la publicit\u00e9 sur des sites tiers (y compris Google) aupr\u00e8s des visiteurs pr\u00e9c\u00e9dents de notre site. Cela peut signifier que nous faisons de la publicit\u00e9 aupr\u00e8s d&rsquo;anciens visiteurs qui n&rsquo;ont pas effectu\u00e9 une t\u00e2che sur notre site, par exemple en utilisant le formulaire de contact pour faire une demande. Il peut s&rsquo;agir d&rsquo;une publicit\u00e9 sur la page de r\u00e9sultats de recherche de Google ou sur un site du R\u00e9seau Display de Google. Des fournisseurs tiers, dont Google, utilisent des cookies pour diffuser des annonces bas\u00e9es sur les visites ant\u00e9rieures d&rsquo;une personne. Bien entendu, toutes les donn\u00e9es collect\u00e9es seront utilis\u00e9es conform\u00e9ment \u00e0 notre propre politique de confidentialit\u00e9 et \u00e0 celle de Google.<\/p>\n<p>Vous pouvez d\u00e9finir vos pr\u00e9f\u00e9rences quant \u00e0 la mani\u00e8re dont Google vous adresse des publicit\u00e9s en utilisant la page Pr\u00e9f\u00e9rences publicitaires de Google. Si vous le souhaitez, vous pouvez d\u00e9sactiver enti\u00e8rement la publicit\u00e9 cibl\u00e9e par centres d&rsquo;int\u00e9r\u00eat en param\u00e9trant les cookies ou en utilisant de mani\u00e8re permanente un plugin de navigateur.<\/p>\n<h2 class=\"elementor-heading-title elementor-size-small\">Statistiques cumul\u00e9es<\/h2>\n<p>Brizo Data, Inc., peut recueillir des statistiques sur le comportement des visiteurs de son site Web. Brizo Data, Inc., peut afficher ces informations publiquement ou les fournir \u00e0 d&rsquo;autres. Cependant, Brizo Data, Inc., ne divulgue pas vos donn\u00e9es \u00e0 caract\u00e8re personnel.<\/p>\n<h2 class=\"elementor-heading-title elementor-size-small\">Cookies<\/h2>\n<p>Afin d&rsquo;enrichir et de perfectionner votre exp\u00e9rience en ligne, Brizo Data, Inc., utilise des \u00ab\u00a0cookies\u00a0\u00bb, des technologies similaires et des services fournis par d&rsquo;autres pour afficher un contenu personnalis\u00e9 et une publicit\u00e9 appropri\u00e9e et enregistrer vos pr\u00e9f\u00e9rences sur votre ordinateur.<\/p>\n<p>Un cookie est une cha\u00eene d&rsquo;informations qu&rsquo;un site Web stocke sur l&rsquo;ordinateur d&rsquo;un visiteur et que le navigateur du visiteur fournit au site Web \u00e0 chaque fois que le visiteur revient. Brizo Data, Inc., utilise des cookies pour l&rsquo;aider \u00e0 identifier et \u00e0 suivre les visiteurs, leur utilisation de https:\/\/brizodata.wpengine.com\/ et leurs pr\u00e9f\u00e9rences d&rsquo;acc\u00e8s au site Web. Les visiteurs de Brizo Data, Inc., qui ne souhaitent pas que des cookies soient plac\u00e9s sur leurs ordinateurs doivent configurer leurs navigateurs pour refuser les cookies avant d&rsquo;utiliser les sites Web de Brizo Data, Inc.<\/p>\n<p>En continuant \u00e0 naviguer sur notre site Web sans modifier vos param\u00e8tres de cookies, vous reconnaissez et acceptez par la pr\u00e9sente l&rsquo;utilisation des cookies par Brizo Data, Inc.<\/p>\n<h2 class=\"elementor-heading-title elementor-size-small\">Modifications de la Politique de confidentialit\u00e9<\/h2>\n<p>Bien que la plupart des changements soient mineurs, Brizo Data, Inc., peut modifier sa Politique de confidentialit\u00e9 de temps \u00e0 autre et \u00e0 sa seule discr\u00e9tion. Brizo Data, Inc., encourage les visiteurs \u00e0 v\u00e9rifier fr\u00e9quemment cette page pour tout changement \u00e0 sa Politique de confidentialit\u00e9. Votre utilisation continue de ce site apr\u00e8s tout changement de la pr\u00e9sente Politique de confidentialit\u00e9 constituera votre acceptation de ce changement.<\/p>\n<h2 class=\"elementor-heading-title elementor-size-small\">Responsable de la protection de la vie priv\u00e9e<\/h2>\n<p>Si vous avez des commentaires ou des questions concernant notre politique de protection de la vie priv\u00e9e, ou si vous pensez que nous n&rsquo;avons pas respect\u00e9 cette politique, veuillez contacter :<\/p>\n<p>Gaetan Corneau<br \/>\nResponsable de la protection de la vie priv\u00e9e<br \/>\nBrizo Data, Inc.<br \/>\n2327 boul du Versant-Nord, bureau 215.4<br \/>\nQu\u00e9bec (Qu\u00e9bec) G1N 4C2<\/p>\n<p>Email: <a href=\"mailto:privacy@brizodata.com\">privacy@brizodata.com<\/a><\/p>\n<p>Cette politique de confidentialit\u00e9 s&rsquo;applique \u00e0 toutes les op\u00e9rations de Brizo Data, Inc. mais ne s&rsquo;applique pas \u00e0 l&rsquo;information personnelle des employ\u00e9s de Brizo Data, des employ\u00e9s potentiels ou des entrepreneurs.<\/p>\n","protected":false},"excerpt":{"rendered":"<p>La pr\u00e9sente Politique de confidentialit\u00e9, de concert avec les conditions d&rsquo;utilisation publi\u00e9es sur notre site Web, \u00e9noncent les r\u00e8gles et politiques g\u00e9n\u00e9rales r\u00e9gissant votre utilisation de notre site Web. En fonction de vos activit\u00e9s lors de votre visite sur notre site Web, il peut vous \u00eatre demand\u00e9 d&rsquo;accepter des conditions suppl\u00e9mentaires. Brizo Data, Inc., se [&hellip;]<\/p>\n","protected":false},"author":12,"featured_media":0,"parent":0,"menu_order":99,"comment_status":"closed","ping_status":"closed","template":"","meta":{"_acf_changed":false,"content-type":"","inline_featured_image":false,"footnotes":""},"class_list":["post-6302","page","type-page","status-publish","hentry"],"acf":[],"yoast_head":"<!-- This site is optimized with the Yoast SEO Premium plugin v24.3 (Yoast SEO v27.4) - https:\/\/yoast.com\/product\/yoast-seo-premium-wordpress\/ -->\n<title>Notre politique de confidentialit\u00e9 - Brizo FoodMetrics<\/title>\n<meta name=\"robots\" content=\"index, follow, max-snippet:-1, max-image-preview:large, max-video-preview:-1\" \/>\n<link rel=\"canonical\" href=\"https:\/\/brizodata.com\/fr\/politique-de-confidentialite\/\" \/>\n<meta property=\"og:locale\" content=\"fr_CA\" \/>\n<meta property=\"og:type\" content=\"article\" \/>\n<meta property=\"og:title\" content=\"Notre politique de confidentialit\u00e9\" \/>\n<meta property=\"og:description\" content=\"La pr\u00e9sente Politique de confidentialit\u00e9, de concert avec les conditions d&rsquo;utilisation publi\u00e9es sur notre site Web, \u00e9noncent les r\u00e8gles et politiques g\u00e9n\u00e9rales r\u00e9gissant votre utilisation de notre site Web. En fonction de vos activit\u00e9s lors de votre visite sur notre site Web, il peut vous \u00eatre demand\u00e9 d&rsquo;accepter des conditions suppl\u00e9mentaires. Brizo Data, Inc., se [&hellip;]\" \/>\n<meta property=\"og:url\" content=\"https:\/\/brizodata.com\/fr\/politique-de-confidentialite\/\" \/>\n<meta property=\"og:site_name\" content=\"Brizo FoodMetrics\" \/>\n<meta property=\"article:modified_time\" content=\"2023-09-08T15:41:00+00:00\" \/>\n<meta name=\"twitter:card\" content=\"summary_large_image\" \/>\n<meta name=\"twitter:label1\" content=\"Estimation du temps de lecture\" \/>\n\t<meta name=\"twitter:data1\" content=\"5 minutes\" \/>\n<script type=\"application\/ld+json\" class=\"yoast-schema-graph\">{\"@context\":\"https:\\\/\\\/schema.org\",\"@graph\":[{\"@type\":\"WebPage\",\"@id\":\"https:\\\/\\\/brizodata.com\\\/fr\\\/politique-de-confidentialite\\\/\",\"url\":\"https:\\\/\\\/brizodata.com\\\/fr\\\/politique-de-confidentialite\\\/\",\"name\":\"Notre politique de confidentialit\u00e9 - Brizo FoodMetrics\",\"isPartOf\":{\"@id\":\"https:\\\/\\\/brizodata.com\\\/fr\\\/#website\"},\"datePublished\":\"2023-06-03T15:46:53+00:00\",\"dateModified\":\"2023-09-08T15:41:00+00:00\",\"breadcrumb\":{\"@id\":\"https:\\\/\\\/brizodata.com\\\/fr\\\/politique-de-confidentialite\\\/#breadcrumb\"},\"inLanguage\":\"fr-CA\",\"potentialAction\":[{\"@type\":\"ReadAction\",\"target\":[\"https:\\\/\\\/brizodata.com\\\/fr\\\/politique-de-confidentialite\\\/\"]}]},{\"@type\":\"BreadcrumbList\",\"@id\":\"https:\\\/\\\/brizodata.com\\\/fr\\\/politique-de-confidentialite\\\/#breadcrumb\",\"itemListElement\":[{\"@type\":\"ListItem\",\"position\":1,\"name\":\"Home\",\"item\":\"https:\\\/\\\/brizodata.com\\\/fr\\\/\"},{\"@type\":\"ListItem\",\"position\":2,\"name\":\"Notre politique de confidentialit\u00e9\"}]},{\"@type\":\"WebSite\",\"@id\":\"https:\\\/\\\/brizodata.com\\\/fr\\\/#website\",\"url\":\"https:\\\/\\\/brizodata.com\\\/fr\\\/\",\"name\":\"Brizo by Datassential\",\"description\":\"Business Intelligence for Foodpreneurs\",\"publisher\":{\"@id\":\"https:\\\/\\\/brizodata.com\\\/fr\\\/#organization\"},\"potentialAction\":[{\"@type\":\"SearchAction\",\"target\":{\"@type\":\"EntryPoint\",\"urlTemplate\":\"https:\\\/\\\/brizodata.com\\\/fr\\\/?s={search_term_string}\"},\"query-input\":{\"@type\":\"PropertyValueSpecification\",\"valueRequired\":true,\"valueName\":\"search_term_string\"}}],\"inLanguage\":\"fr-CA\"},{\"@type\":\"Organization\",\"@id\":\"https:\\\/\\\/brizodata.com\\\/fr\\\/#organization\",\"name\":\"Brizo by Datassential\",\"url\":\"https:\\\/\\\/brizodata.com\\\/fr\\\/\",\"logo\":{\"@type\":\"ImageObject\",\"inLanguage\":\"fr-CA\",\"@id\":\"https:\\\/\\\/brizodata.com\\\/fr\\\/#\\\/schema\\\/logo\\\/image\\\/\",\"url\":\"https:\\\/\\\/brizodata.com\\\/wp-content\\\/uploads\\\/2025\\\/08\\\/LOGO_Brizo-by-Datassential_white.png\",\"contentUrl\":\"https:\\\/\\\/brizodata.com\\\/wp-content\\\/uploads\\\/2025\\\/08\\\/LOGO_Brizo-by-Datassential_white.png\",\"width\":1927,\"height\":1284,\"caption\":\"Brizo by Datassential\"},\"image\":{\"@id\":\"https:\\\/\\\/brizodata.com\\\/fr\\\/#\\\/schema\\\/logo\\\/image\\\/\"},\"sameAs\":[\"https:\\\/\\\/www.linkedin.com\\\/company\\\/brizodata\\\/\"]}]}<\/script>\n<!-- \/ Yoast SEO Premium plugin. -->","yoast_head_json":{"title":"Notre politique de confidentialit\u00e9 - Brizo FoodMetrics","robots":{"index":"index","follow":"follow","max-snippet":"max-snippet:-1","max-image-preview":"max-image-preview:large","max-video-preview":"max-video-preview:-1"},"canonical":"https:\/\/brizodata.com\/fr\/politique-de-confidentialite\/","og_locale":"fr_CA","og_type":"article","og_title":"Notre politique de confidentialit\u00e9","og_description":"La pr\u00e9sente Politique de confidentialit\u00e9, de concert avec les conditions d&rsquo;utilisation publi\u00e9es sur notre site Web, \u00e9noncent les r\u00e8gles et politiques g\u00e9n\u00e9rales r\u00e9gissant votre utilisation de notre site Web. En fonction de vos activit\u00e9s lors de votre visite sur notre site Web, il peut vous \u00eatre demand\u00e9 d&rsquo;accepter des conditions suppl\u00e9mentaires. Brizo Data, Inc., se [&hellip;]","og_url":"https:\/\/brizodata.com\/fr\/politique-de-confidentialite\/","og_site_name":"Brizo FoodMetrics","article_modified_time":"2023-09-08T15:41:00+00:00","twitter_card":"summary_large_image","twitter_misc":{"Estimation du temps de lecture":"5 minutes"},"schema":{"@context":"https:\/\/schema.org","@graph":[{"@type":"WebPage","@id":"https:\/\/brizodata.com\/fr\/politique-de-confidentialite\/","url":"https:\/\/brizodata.com\/fr\/politique-de-confidentialite\/","name":"Notre politique de confidentialit\u00e9 - Brizo FoodMetrics","isPartOf":{"@id":"https:\/\/brizodata.com\/fr\/#website"},"datePublished":"2023-06-03T15:46:53+00:00","dateModified":"2023-09-08T15:41:00+00:00","breadcrumb":{"@id":"https:\/\/brizodata.com\/fr\/politique-de-confidentialite\/#breadcrumb"},"inLanguage":"fr-CA","potentialAction":[{"@type":"ReadAction","target":["https:\/\/brizodata.com\/fr\/politique-de-confidentialite\/"]}]},{"@type":"BreadcrumbList","@id":"https:\/\/brizodata.com\/fr\/politique-de-confidentialite\/#breadcrumb","itemListElement":[{"@type":"ListItem","position":1,"name":"Home","item":"https:\/\/brizodata.com\/fr\/"},{"@type":"ListItem","position":2,"name":"Notre politique de confidentialit\u00e9"}]},{"@type":"WebSite","@id":"https:\/\/brizodata.com\/fr\/#website","url":"https:\/\/brizodata.com\/fr\/","name":"Brizo by Datassential","description":"Business Intelligence for Foodpreneurs","publisher":{"@id":"https:\/\/brizodata.com\/fr\/#organization"},"potentialAction":[{"@type":"SearchAction","target":{"@type":"EntryPoint","urlTemplate":"https:\/\/brizodata.com\/fr\/?s={search_term_string}"},"query-input":{"@type":"PropertyValueSpecification","valueRequired":true,"valueName":"search_term_string"}}],"inLanguage":"fr-CA"},{"@type":"Organization","@id":"https:\/\/brizodata.com\/fr\/#organization","name":"Brizo by Datassential","url":"https:\/\/brizodata.com\/fr\/","logo":{"@type":"ImageObject","inLanguage":"fr-CA","@id":"https:\/\/brizodata.com\/fr\/#\/schema\/logo\/image\/","url":"https:\/\/brizodata.com\/wp-content\/uploads\/2025\/08\/LOGO_Brizo-by-Datassential_white.png","contentUrl":"https:\/\/brizodata.com\/wp-content\/uploads\/2025\/08\/LOGO_Brizo-by-Datassential_white.png","width":1927,"height":1284,"caption":"Brizo by Datassential"},"image":{"@id":"https:\/\/brizodata.com\/fr\/#\/schema\/logo\/image\/"},"sameAs":["https:\/\/www.linkedin.com\/company\/brizodata\/"]}]}},"_links":{"self":[{"href":"https:\/\/brizodata.com\/fr\/wp-json\/wp\/v2\/pages\/6302","targetHints":{"allow":["GET"]}}],"collection":[{"href":"https:\/\/brizodata.com\/fr\/wp-json\/wp\/v2\/pages"}],"about":[{"href":"https:\/\/brizodata.com\/fr\/wp-json\/wp\/v2\/types\/page"}],"author":[{"embeddable":true,"href":"https:\/\/brizodata.com\/fr\/wp-json\/wp\/v2\/users\/12"}],"replies":[{"embeddable":true,"href":"https:\/\/brizodata.com\/fr\/wp-json\/wp\/v2\/comments?post=6302"}],"version-history":[{"count":0,"href":"https:\/\/brizodata.com\/fr\/wp-json\/wp\/v2\/pages\/6302\/revisions"}],"wp:attachment":[{"href":"https:\/\/brizodata.com\/fr\/wp-json\/wp\/v2\/media?parent=6302"}],"curies":[{"name":"wp","href":"https:\/\/api.w.org\/{rel}","templated":true}]}}